{"id":936,"date":"2026-05-07T12:47:36","date_gmt":"2026-05-07T11:47:36","guid":{"rendered":"https:\/\/jogtanacsadast.vallalunk.hu\/customer-cabinet\/"},"modified":"2026-05-07T12:47:36","modified_gmt":"2026-05-07T11:47:36","slug":"customer-cabinet","status":"publish","type":"page","link":"https:\/\/jogtanacsadast.vallalunk.hu\/en\/customer-cabinet\/","title":{"rendered":"Customer Cabinet"},"content":{"rendered":"<div class=\"latepoint-w\">\n\t<div class=\"os-form-w latepoint-login-form-w\" data-redirect-url=\"https:\/\/jogtanacsadast.vallalunk.hu\/customer-cabinet\" data-success-action=\"redirect\">\n                    <form action=\"\" class=\"latepoint-form\">\n                <div class=\"latepoint-customer-otp-input-container\"><\/div>\n                <div class=\"latepoint-customer-auth-options-wrapper hide-when-entering-otp\">\n                    <div class=\"latepoint-customer-box-title\">Sign in to your account<\/div>\n                    <div class=\"os-step-existing-customer-login-w\">\t\t\t<div class=\"os-customer-login-w os-customer-wrapped-box os-unwrapped\">\n\t\t\t\t\t\t\t\t<div data-login-method=\"email\" class=\"customer-login-method-wrapper \"><div class =\"os-form-group os-form-textfield-group os-form-group-transparent\" ><label for=\"auth_email\">Your Email Address<\/label><input  type=\"text\" placeholder=\"Your Email Address\" name=\"auth[email]\" value=\"\" autocomplete=\"email\" id=\"auth_email\" class=\"os-form-control\" \/><\/div><\/div>\t\t\t\t\t\t\t\t<div class=\"os-customer-login-password-fields-w\" >\n\t\t\t\t\t<div class=\"os-form-group os-form-textfield-group os-form-group-transparent\" ><label for=\"auth_password\">Your Password<\/label><input type=\"password\" placeholder=\"Your Password\" name=\"auth[password]\" value=\"\" class=\"required os-form-control\" autocomplete=\"current-password\" id=\"auth_password\" \/><\/div>\t\t\t\t\t<a href=\"#\" class=\"latepoint-btn latepoint-btn-primary latepoint-btn-link step-forgot-password-btn\"\n\t\t\t\t\t   data-os-action=\"customer_cabinet__request_password_reset_token\"\n\t\t\t\t\t   data-os-output-target=\".os-password-reset-form-holder\"\n\t\t\t\t\t   data-os-after-call=\"latepoint_reset_password_from_booking_init\"\n\t\t\t\t\t   data-os-params=\"from_booking=1\"><span>Forgot?<\/span><\/a>\n\t\t\t\t<\/div>\n\n\t\t\t\t\t\t\t\t<div class=\"os-customer-login-buttons\">\n\t\t\t\t\t<input type=\"hidden\" name=\"auth[via]\" value=\"password\" id=\"auth_via\" \/>\t\t\t\t\t<a data-otp-request-route=\"auth__request_otp\"\n\t\t\t\t\t   data-password-login-route=\"auth__login_customer\" href=\"#\"\n\t\t\t\t\t   class=\"latepoint-btn latepoint-btn-primary step-login-existing-customer-btn latepoint-btn-block\"><span>Continue<\/span><\/a>\n\t\t\t\t<\/div>\n\t\t\t<\/div>\n\t\t\t<input type=\"hidden\" name=\"auth[contact_type]\" value=\"email\" id=\"auth_contact_type\" \/><input type=\"hidden\" name=\"auth[delivery_method]\" value=\"email\" id=\"auth_delivery_method\" \/><input type=\"hidden\" name=\"auth[action]\" value=\"register\" id=\"auth_action\" \/><input type=\"hidden\" id=\"auth[nonce]\" name=\"auth[nonce]\" value=\"49793b1b55\" \/><input type=\"hidden\" name=\"_wp_http_referer\" value=\"\/en\/wp-json\/wp\/v2\/pages\/936\" \/><\/div><div class=\"os-password-reset-form-holder\"><\/div>                                    <\/div>\n            <\/form>\n            \t<\/div>\n<\/div>","protected":false},"excerpt":{"rendered":"","protected":false},"author":1,"featured_media":0,"parent":0,"menu_order":6,"comment_status":"closed","ping_status":"closed","template":"","meta":{"_acf_changed":false,"site-sidebar-layout":"default","site-content-layout":"","ast-site-content-layout":"default","site-content-style":"default","site-sidebar-style":"default","ast-global-header-display":"","ast-banner-title-visibility":"","ast-main-header-display":"","ast-hfb-above-header-display":"","ast-hfb-below-header-display":"","ast-hfb-mobile-header-display":"","site-post-title":"","ast-breadcrumbs-content":"","ast-featured-img":"","footer-sml-layout":"","ast-disable-related-posts":"","theme-transparent-header-meta":"","adv-header-id-meta":"","stick-header-meta":"","header-above-stick-meta":"","header-main-stick-meta":"","header-below-stick-meta":"","astra-migrate-meta-layouts":"default","ast-page-background-enabled":"default","ast-page-background-meta":{"desktop":{"background-color":"","background-image":"","background-repeat":"repeat","background-position":"center center","background-size":"auto","background-attachment":"scroll","background-type":"","background-media":"","overlay-type":"","overlay-color":"","overlay-opacity":"","overlay-gradient":""},"tablet":{"background-color":"","background-image":"","background-repeat":"repeat","background-position":"center center","background-size":"auto","background-attachment":"scroll","background-type":"","background-media":"","overlay-type":"","overlay-color":"","overlay-opacity":"","overlay-gradient":""},"mobile":{"background-color":"","background-image":"","background-repeat":"repeat","background-position":"center center","background-size":"auto","background-attachment":"scroll","background-type":"","background-media":"","overlay-type":"","overlay-color":"","overlay-opacity":"","overlay-gradient":""}},"ast-content-background-meta":{"desktop":{"background-color":"var(--ast-global-color-5)","background-image":"","background-repeat":"repeat","background-position":"center center","background-size":"auto","background-attachment":"scroll","background-type":"","background-media":"","overlay-type":"","overlay-color":"","overlay-opacity":"","overlay-gradient":""},"tablet":{"background-color":"var(--ast-global-color-5)","background-image":"","background-repeat":"repeat","background-position":"center center","background-size":"auto","background-attachment":"scroll","background-type":"","background-media":"","overlay-type":"","overlay-color":"","overlay-opacity":"","overlay-gradient":""},"mobile":{"background-color":"var(--ast-global-color-5)","background-image":"","background-repeat":"repeat","background-position":"center center","background-size":"auto","background-attachment":"scroll","background-type":"","background-media":"","overlay-type":"","overlay-color":"","overlay-opacity":"","overlay-gradient":""}},"footnotes":""},"class_list":["post-936","page","type-page","status-publish","hentry"],"acf":[],"yoast_head":"<!-- This site is optimized with the Yoast SEO Premium plugin v27.5 (Yoast SEO v27.5) - https:\/\/yoast.com\/product\/yoast-seo-premium-wordpress\/ -->\n<title>Customer Cabinet - INDA Pszichol\u00f3giai K\u00f6zpont<\/title>\n<meta name=\"description\" content=\"Pszichol\u00f3giai k\u00f6zpontunkban tapasztalt munkat\u00e1rsaink sz\u00e1mos pszichol\u00f3giai probl\u00e9ma feldolgoz\u00e1s\u00e1ban tudnak seg\u00edteni. V\u00e1lasszon, mely &quot;INDA K\u00f6zpontban&quot; k\u00edv\u00e1n id\u0151pontot foglalni\" \/>\n<meta name=\"robots\" content=\"index, follow, max-snippet:-1, max-image-preview:large, max-video-preview:-1\" \/>\n<link rel=\"canonical\" href=\"https:\/\/jogtanacsadast.vallalunk.hu\/en\/customer-cabinet\/\" \/>\n<meta property=\"og:locale\" content=\"en_GB\" \/>\n<meta property=\"og:type\" content=\"article\" \/>\n<meta property=\"og:title\" content=\"Customer Cabinet\" \/>\n<meta property=\"og:description\" content=\"Pszichol\u00f3giai k\u00f6zpontunkban tapasztalt munkat\u00e1rsaink sz\u00e1mos pszichol\u00f3giai probl\u00e9ma feldolgoz\u00e1s\u00e1ban tudnak seg\u00edteni. V\u00e1lasszon, mely &quot;INDA K\u00f6zpontban&quot; k\u00edv\u00e1n id\u0151pontot foglalni\" \/>\n<meta property=\"og:url\" content=\"https:\/\/jogtanacsadast.vallalunk.hu\/en\/customer-cabinet\/\" \/>\n<meta property=\"og:site_name\" content=\"INDA Pszichol\u00f3giai K\u00f6zpont\" \/>\n<meta name=\"twitter:card\" content=\"summary_large_image\" \/>\n<script type=\"application\/ld+json\" class=\"yoast-schema-graph\">{\"@context\":\"https:\\\/\\\/schema.org\",\"@graph\":[{\"@type\":\"WebPage\",\"@id\":\"https:\\\/\\\/jogtanacsadast.vallalunk.hu\\\/customer-cabinet\\\/\",\"url\":\"https:\\\/\\\/jogtanacsadast.vallalunk.hu\\\/customer-cabinet\\\/\",\"name\":\"Customer Cabinet - INDA Pszichol\u00f3giai K\u00f6zpont\",\"isPartOf\":{\"@id\":\"https:\\\/\\\/jogtanacsadast.vallalunk.hu\\\/#website\"},\"datePublished\":\"2026-05-07T11:47:36+00:00\",\"description\":\"Pszichol\u00f3giai k\u00f6zpontunkban tapasztalt munkat\u00e1rsaink sz\u00e1mos pszichol\u00f3giai probl\u00e9ma feldolgoz\u00e1s\u00e1ban tudnak seg\u00edteni. V\u00e1lasszon, mely \\\"INDA K\u00f6zpontban\\\" k\u00edv\u00e1n id\u0151pontot foglalni\",\"breadcrumb\":{\"@id\":\"https:\\\/\\\/jogtanacsadast.vallalunk.hu\\\/customer-cabinet\\\/#breadcrumb\"},\"inLanguage\":\"en-GB\",\"potentialAction\":[{\"@type\":\"ReadAction\",\"target\":[\"https:\\\/\\\/jogtanacsadast.vallalunk.hu\\\/customer-cabinet\\\/\"]}]},{\"@type\":\"BreadcrumbList\",\"@id\":\"https:\\\/\\\/jogtanacsadast.vallalunk.hu\\\/customer-cabinet\\\/#breadcrumb\",\"itemListElement\":[{\"@type\":\"ListItem\",\"position\":1,\"name\":\"Kezd\u0151lap\",\"item\":\"https:\\\/\\\/jogtanacsadast.vallalunk.hu\\\/home\\\/\"},{\"@type\":\"ListItem\",\"position\":2,\"name\":\"Customer Cabinet\"}]},{\"@type\":\"WebSite\",\"@id\":\"https:\\\/\\\/jogtanacsadast.vallalunk.hu\\\/#website\",\"url\":\"https:\\\/\\\/jogtanacsadast.vallalunk.hu\\\/\",\"name\":\"INDA Pszichol\u00f3giai K\u00f6zpont\",\"description\":\"seg\u00edts\u00e9g a bajban, nyugalom a bens\u0151ben\",\"publisher\":{\"@id\":\"https:\\\/\\\/jogtanacsadast.vallalunk.hu\\\/#organization\"},\"potentialAction\":[{\"@type\":\"SearchAction\",\"target\":{\"@type\":\"EntryPoint\",\"urlTemplate\":\"https:\\\/\\\/jogtanacsadast.vallalunk.hu\\\/?s={search_term_string}\"},\"query-input\":{\"@type\":\"PropertyValueSpecification\",\"valueRequired\":true,\"valueName\":\"search_term_string\"}}],\"inLanguage\":\"en-GB\"},{\"@type\":\"Organization\",\"@id\":\"https:\\\/\\\/jogtanacsadast.vallalunk.hu\\\/#organization\",\"name\":\"INDA Pszichol\u00f3giai K\u00f6zpont\",\"url\":\"https:\\\/\\\/jogtanacsadast.vallalunk.hu\\\/\",\"logo\":{\"@type\":\"ImageObject\",\"inLanguage\":\"en-GB\",\"@id\":\"https:\\\/\\\/jogtanacsadast.vallalunk.hu\\\/#\\\/schema\\\/logo\\\/image\\\/\",\"url\":\"https:\\\/\\\/jogtanacsadast.vallalunk.hu\\\/wp-content\\\/uploads\\\/2021\\\/04\\\/site-logo-1.svg\",\"contentUrl\":\"https:\\\/\\\/jogtanacsadast.vallalunk.hu\\\/wp-content\\\/uploads\\\/2021\\\/04\\\/site-logo-1.svg\",\"caption\":\"INDA Pszichol\u00f3giai K\u00f6zpont\"},\"image\":{\"@id\":\"https:\\\/\\\/jogtanacsadast.vallalunk.hu\\\/#\\\/schema\\\/logo\\\/image\\\/\"}}]}<\/script>\n<!-- \/ Yoast SEO Premium plugin. -->","yoast_head_json":{"title":"Customer Cabinet - INDA Pszichol\u00f3giai K\u00f6zpont","description":"Pszichol\u00f3giai k\u00f6zpontunkban tapasztalt munkat\u00e1rsaink sz\u00e1mos pszichol\u00f3giai probl\u00e9ma feldolgoz\u00e1s\u00e1ban tudnak seg\u00edteni. V\u00e1lasszon, mely \"INDA K\u00f6zpontban\" k\u00edv\u00e1n id\u0151pontot foglalni","robots":{"index":"index","follow":"follow","max-snippet":"max-snippet:-1","max-image-preview":"max-image-preview:large","max-video-preview":"max-video-preview:-1"},"canonical":"https:\/\/jogtanacsadast.vallalunk.hu\/en\/customer-cabinet\/","og_locale":"en_GB","og_type":"article","og_title":"Customer Cabinet","og_description":"Pszichol\u00f3giai k\u00f6zpontunkban tapasztalt munkat\u00e1rsaink sz\u00e1mos pszichol\u00f3giai probl\u00e9ma feldolgoz\u00e1s\u00e1ban tudnak seg\u00edteni. V\u00e1lasszon, mely \"INDA K\u00f6zpontban\" k\u00edv\u00e1n id\u0151pontot foglalni","og_url":"https:\/\/jogtanacsadast.vallalunk.hu\/en\/customer-cabinet\/","og_site_name":"INDA Pszichol\u00f3giai K\u00f6zpont","twitter_card":"summary_large_image","schema":{"@context":"https:\/\/schema.org","@graph":[{"@type":"WebPage","@id":"https:\/\/jogtanacsadast.vallalunk.hu\/customer-cabinet\/","url":"https:\/\/jogtanacsadast.vallalunk.hu\/customer-cabinet\/","name":"Customer Cabinet - INDA Pszichol\u00f3giai K\u00f6zpont","isPartOf":{"@id":"https:\/\/jogtanacsadast.vallalunk.hu\/#website"},"datePublished":"2026-05-07T11:47:36+00:00","description":"Pszichol\u00f3giai k\u00f6zpontunkban tapasztalt munkat\u00e1rsaink sz\u00e1mos pszichol\u00f3giai probl\u00e9ma feldolgoz\u00e1s\u00e1ban tudnak seg\u00edteni. V\u00e1lasszon, mely \"INDA K\u00f6zpontban\" k\u00edv\u00e1n id\u0151pontot foglalni","breadcrumb":{"@id":"https:\/\/jogtanacsadast.vallalunk.hu\/customer-cabinet\/#breadcrumb"},"inLanguage":"en-GB","potentialAction":[{"@type":"ReadAction","target":["https:\/\/jogtanacsadast.vallalunk.hu\/customer-cabinet\/"]}]},{"@type":"BreadcrumbList","@id":"https:\/\/jogtanacsadast.vallalunk.hu\/customer-cabinet\/#breadcrumb","itemListElement":[{"@type":"ListItem","position":1,"name":"Kezd\u0151lap","item":"https:\/\/jogtanacsadast.vallalunk.hu\/home\/"},{"@type":"ListItem","position":2,"name":"Customer Cabinet"}]},{"@type":"WebSite","@id":"https:\/\/jogtanacsadast.vallalunk.hu\/#website","url":"https:\/\/jogtanacsadast.vallalunk.hu\/","name":"INDA Pszichol\u00f3giai K\u00f6zpont","description":"Help in times of trouble, peace within","publisher":{"@id":"https:\/\/jogtanacsadast.vallalunk.hu\/#organization"},"potentialAction":[{"@type":"SearchAction","target":{"@type":"EntryPoint","urlTemplate":"https:\/\/jogtanacsadast.vallalunk.hu\/?s={search_term_string}"},"query-input":{"@type":"PropertyValueSpecification","valueRequired":true,"valueName":"search_term_string"}}],"inLanguage":"en-GB"},{"@type":"Organization","@id":"https:\/\/jogtanacsadast.vallalunk.hu\/#organization","name":"INDA Pszichol\u00f3giai K\u00f6zpont","url":"https:\/\/jogtanacsadast.vallalunk.hu\/","logo":{"@type":"ImageObject","inLanguage":"en-GB","@id":"https:\/\/jogtanacsadast.vallalunk.hu\/#\/schema\/logo\/image\/","url":"https:\/\/jogtanacsadast.vallalunk.hu\/wp-content\/uploads\/2021\/04\/site-logo-1.svg","contentUrl":"https:\/\/jogtanacsadast.vallalunk.hu\/wp-content\/uploads\/2021\/04\/site-logo-1.svg","caption":"INDA Pszichol\u00f3giai K\u00f6zpont"},"image":{"@id":"https:\/\/jogtanacsadast.vallalunk.hu\/#\/schema\/logo\/image\/"}}]}},"_hostinger_reach_plugin_has_subscription_block":false,"_hostinger_reach_plugin_is_elementor":false,"_links":{"self":[{"href":"https:\/\/jogtanacsadast.vallalunk.hu\/en\/wp-json\/wp\/v2\/pages\/936","targetHints":{"allow":["GET"]}}],"collection":[{"href":"https:\/\/jogtanacsadast.vallalunk.hu\/en\/wp-json\/wp\/v2\/pages"}],"about":[{"href":"https:\/\/jogtanacsadast.vallalunk.hu\/en\/wp-json\/wp\/v2\/types\/page"}],"author":[{"embeddable":true,"href":"https:\/\/jogtanacsadast.vallalunk.hu\/en\/wp-json\/wp\/v2\/users\/1"}],"replies":[{"embeddable":true,"href":"https:\/\/jogtanacsadast.vallalunk.hu\/en\/wp-json\/wp\/v2\/comments?post=936"}],"version-history":[{"count":0,"href":"https:\/\/jogtanacsadast.vallalunk.hu\/en\/wp-json\/wp\/v2\/pages\/936\/revisions"}],"wp:attachment":[{"href":"https:\/\/jogtanacsadast.vallalunk.hu\/en\/wp-json\/wp\/v2\/media?parent=936"}],"curies":[{"name":"wp","href":"https:\/\/api.w.org\/{rel}","templated":true}]}}